{"id":1232,"date":"2013-11-22T11:00:47","date_gmt":"2013-11-22T11:00:47","guid":{"rendered":"https:\/\/www.stadthotel-loerrach.de\/?page_id=1232"},"modified":"2013-11-22T11:01:55","modified_gmt":"2013-11-22T11:01:55","slug":"informazioni-legali","status":"publish","type":"page","link":"https:\/\/www.stadthotel-loerrach.de\/it\/informazioni-legali\/","title":{"rendered":"Informazioni legali"},"content":{"rendered":"<p><strong>Indicazioni secondo \u00a7 5 TMG (legge tedesca sui telemedia):<\/strong><br \/>\nSTADT-Hotel<br \/>\nWeinbrennerstrasse 2<br \/>\nD-79539 L\u00f6rrach<br \/>\nGermania<\/p>\n<p><strong>Rappresentato tramite:<\/strong><br \/>\nTitolare \u2013 Signora Nora-Lia Walliser<\/p>\n<p><strong>Contatto:<\/strong><br \/>\nEmail: info@stadthotel-loerrach.de<\/p>\n<p><strong>Iscrizione nel registro:<\/strong><br \/>\nIscrizione nel registro delle imprese<br \/>\nRegistro penale:<br \/>\nNumero del registro:<\/p>\n<p><strong>Numero di partita IVA<\/strong> secondo \u00a727 a diritto IVA:<br \/>\nDE 62971348072<\/p>\n<p><strong>Indicazione delle fonti per le immagini e grafiche usate:<\/strong><\/p>\n<p>http:\/\/de.fotolia.com\/<\/p>\n<p>\u00a9 Francesco83 &#8211; Fotolia.com<br \/>\n\u00a9 Goran Bogicevic &#8211; Fotolia.com<br \/>\n\u00a9 Kzenon &#8211; Fotolia.com<\/p>\n<p><strong>Esclusione di responsabilit\u00e0:<\/strong><br \/>\n<em>1. Contenuto dell&#8217;offerta on-line<\/em><br \/>\nL&#8217;autore non si assume alcuna responsabilit\u00e0 in merito all&#8217;attualit\u00e0, alla correttezza, alla completezza o alla qualit\u00e0 delle informazioni messe a disposizione. \u00c8 esclusa qualunque azione di responsabilit\u00e0 nei confronti dell&#8217;autore per danni materiali o ideali, derivanti dall&#8217;utilizzo o dal non utilizzo delle informazioni fornite ovvero dall&#8217;utilizzo d&#8217;informazioni errate o incomplete, qualora non sia possibile dimostrare l&#8217;intenzionalit\u00e0 o la colpa grave da parte dell&#8217;autore.<br \/>\nTutte le offerte sono libere e non vincolanti. L&#8217;autore si riserva espressamente il diritto di modificare, integrare, eliminare parti di pagine o l&#8217;intera offerta senza alcun preannuncio o di sospenderne temporaneamente o definitivamente la pubblicazione.<\/p>\n<p><em>2. Avvisi e link <\/em><br \/>\nNel caso d&#8217;informazioni dirette o indirette relative a siti internet di terzi (&#8220;hyperlink&#8221;) che non sono state elaborate dall&#8217;autore, la responsabilit\u00e0 di quest&#8217;ultimo sussisterebbe esclusivamente nel caso in cui egli fosse a conoscenza dei contenuti e tecnicamente in grado di impedirne la pubblicazione in caso di contenuti contrari alla legge.<br \/>\nL&#8217;autore dichiara che, al momento dell&#8217;inserimento dei link, non erano riconoscibili contenuti illegali nelle pagine di detti siti esterni. L&#8217;autore dichiara, inoltre, di non avere alcuna influenza per quanto riguarda l&#8217;impostazione attuale e futura, i contenuti e i diritti d&#8217;autore delle pagine collegate al sito. Pertanto, l&#8217;autore dissocia le proprie responsabilit\u00e0 dai contenuti di tutte le pagine collegate al sito, modificate successivamente all&#8217;inserimento del link. Ci\u00f2 vale per tutti gli avvisi e i link contenuti all&#8217;interno della propria offerta on-line, nonch\u00e9 per qualunque nota esterna inserita nei libri degli ospiti, nei forum di discussione, negli elenchi di link, nelle mailing list e in tutte le altre banche dati ai cui contenuti sono consentiti l&#8217;accesso e la modifica da parte di terzi. Per quanto riguarda i contenuti illegali, non corretti o incompleti e, in particolare, per danni derivanti dall&#8217;utilizzo o dal non utilizzo di tali informazioni, \u00e8 responsabile unicamente l&#8217;autore del sito esterno collegato mediante link e non colui che mediante il link fa solo riferimento alle diverse pubblicazioni. <\/p>\n<p><em>3. Diritto d&#8217;autore e contrassegno<\/em><br \/>\nL&#8217;autore s&#8217;impegna a rispettare, in tutte le pubblicazioni, i diritti d&#8217;autore relativi alla grafica, ai suoni, alle immagini, ai testi; ad utilizzare grafici, suoni, immagini e testi da esso stesso realizzati o la cui utilizzazione non prevede una licenza.<br \/>\nTutte le marche e i marchi di fabbrica registrati eventualmente tramite terzi, indicati all&#8217;interno dell&#8217;offerta on-line, sono soggetti illimitatamente alle norme del contrassegno e al diritto di propriet\u00e0 relativo ai rispettivi proprietari registrati.<br \/>\nLa sola menzione non presuppone che i marchi non siano registrati per diritto dei terzi!<br \/>\nIl copyright degli oggetti elaborati e pubblicati dall&#8217;autore spetta esclusivamente a quest&#8217;ultimo.<br \/>\n\u00c8 vietata la riproduzione o l&#8217;utilizzazione di tali grafici, suoni, immagini e testi all&#8217;interno di pubblicazioni elettroniche e non, senza l&#8217;espresso consenso dell&#8217;autore. <\/p>\n<p><em>4. Protezione dei dati<\/em><br \/>\nQualora, nell&#8217;ambito dell&#8217;offerta on-line, sussista la possibilit\u00e0 di inserire dati personali o relativi alla professione (indirizzi e-mail, nomi, indirizzi), questi dati vengono forniti liberamente da parte dell&#8217;utente. L&#8217;utilizzo e il pagamento di tutti i servizi offerti, qualora tecnicamente possibile, pu\u00f2 avvenire anche senza indicazione di tali dati, in forma anonima o sotto pseudonimo. Non \u00e8 consentito a terzi l&#8217;utilizzo dei dati di contatto pubblicati nel colofone o sotto forma analoga, quali l&#8217;indirizzo postale, il numero di telefono e di fax o l&#8217;indirizzo e-mail, al fine dell&#8217;invio di comunicazioni o informazioni non espressamente richieste. L&#8217;autore si riserva espressamente il diritto di intraprendere azioni legali contro i mittenti delle cosiddette e-mail di &#8220;spam&#8221;, in violazione al presente divieto. <\/p>\n<p><em>5. Efficacia giuridica della clausola di esclusione di responsabilit\u00e0<\/em><br \/>\nQuesta esclusione di responsabilit\u00e0 fa parte dell\u2019offerta on-line riferendosi a questa pagina. Qualora talune parti o intere espressioni del presente testo non corrispondessero completamente o non corrispondessero pi\u00f9 alla situazione giuridica vigente, le altre parti del documento rimangono integre per contenuto ed efficacia. <\/p>\n<p><em>6. Dichiarazione sulla protezione dei dati per l\u2019uso di Google Analytics<\/em><br \/>\nQuesto sito web usa Google Analytics, un servizio di analisi del web della Google Inc. (\u201cGoogle\u201d). Google Analytics utilizza cosiddetti \u201cCookies\u201d, file di testo che vengono salvati sul vostro computer e che consentono un\u2019analisi del vostro utilizzo del sito web. Le informazioni generate dal cookie sul vostro utilizzo di questo sito web vengono di regola trasmessi a un server di Google negli USA e salvati l\u00ec. In caso di attivazione dell\u2019anonimizzazione IP su questo sito web, il vostro indirizzo IP viene tuttavia prima accorciato da Google all\u2019interno degli stati membri dell\u2019Unione Europea o in altri stati firmatari del trattato nell\u2019area commerciale europea. Solo in casi eccezionali l\u2019intero indirizzo IP viene trasmesso a un server di Google negli USA e l\u00ec accorciato. Per conto del gestore di questo sito web, Google utilizzer\u00e0 queste informazioni per valutare l\u2019utilizzo del sito web al fine di redigere rapporti sulle attivit\u00e0 nel web e per fornire altri servizi al gestore del sito web relativi all\u2019utilizzo del sito web e l\u2019utilizzo dell\u2019Internet. L\u2019indirizzo IP trasmesso dal vostro browser da parte di Google Analytics non verr\u00e0 riunito con altri dati di Google. Potete impedire il salvataggio dei cookies con un\u2019impostazione corrispondente del vostro software del browser; tuttavia vi facciamo notare che in questo caso eventualmente non sarete in grado di utilizzare completamente tutte le funzioni di questo sito web. Inoltre potete impedire il rilevamento dei dati creati dal cookie e relativi all\u2019utilizzo del sito web (incl. il vostro indirizzo IP) e l\u2019inoltro a Google nonch\u00e9 l\u2019elaborazione di questi dati da parte di Google, scaricando e installando il plugin del browser disponibile al seguente link: http:\/\/tools.google.com\/dlpage\/gaoptout?hl=de<\/p>\n<p>Fonte: www.disclaimer.de, dichiarazione sulla protezione dei dati Google Analytics<\/p>\n","protected":false},"excerpt":{"rendered":"<p>Indicazioni secondo \u00a7 5 TMG (legge tedesca sui telemedia): STADT-Hotel Weinbrennerstrasse 2 D-79539 L\u00f6rrach Germania Rappresentato tramite: Titolare \u2013 Signora Nora-Lia Walliser Contatto: Email: info@stadthotel-loerrach.de Iscrizione nel registro: Iscrizione nel registro delle imprese Registro penale: Numero del registro: Numero di partita IVA secondo \u00a727 a diritto IVA: DE 62971348072 Indicazione delle fonti per le immagini [&hellip;]<\/p>\n","protected":false},"author":4,"featured_media":0,"parent":0,"menu_order":0,"comment_status":"closed","ping_status":"closed","template":"","meta":{"footnotes":""},"class_list":["post-1232","page","type-page","status-publish","hentry"],"aioseo_notices":[],"_links":{"self":[{"href":"https:\/\/www.stadthotel-loerrach.de\/it\/wp-json\/wp\/v2\/pages\/1232","targetHints":{"allow":["GET"]}}],"collection":[{"href":"https:\/\/www.stadthotel-loerrach.de\/it\/wp-json\/wp\/v2\/pages"}],"about":[{"href":"https:\/\/www.stadthotel-loerrach.de\/it\/wp-json\/wp\/v2\/types\/page"}],"author":[{"embeddable":true,"href":"https:\/\/www.stadthotel-loerrach.de\/it\/wp-json\/wp\/v2\/users\/4"}],"replies":[{"embeddable":true,"href":"https:\/\/www.stadthotel-loerrach.de\/it\/wp-json\/wp\/v2\/comments?post=1232"}],"version-history":[{"count":1,"href":"https:\/\/www.stadthotel-loerrach.de\/it\/wp-json\/wp\/v2\/pages\/1232\/revisions"}],"predecessor-version":[{"id":1233,"href":"https:\/\/www.stadthotel-loerrach.de\/it\/wp-json\/wp\/v2\/pages\/1232\/revisions\/1233"}],"wp:attachment":[{"href":"https:\/\/www.stadthotel-loerrach.de\/it\/wp-json\/wp\/v2\/media?parent=1232"}],"curies":[{"name":"wp","href":"https:\/\/api.w.org\/{rel}","templated":true}]}}