{"id":1230,"date":"2013-11-22T10:55:39","date_gmt":"2013-11-22T10:55:39","guid":{"rendered":"https:\/\/www.stadthotel-loerrach.de\/?page_id=1230"},"modified":"2013-11-22T10:55:39","modified_gmt":"2013-11-22T10:55:39","slug":"chi-siamo","status":"publish","type":"page","link":"https:\/\/www.stadthotel-loerrach.de\/it\/chi-siamo\/","title":{"rendered":"Chi siamo"},"content":{"rendered":"<h2>Das Stadt-Hotel L\u00f6rrach<\/h2>\n<p>Unter dem Namen STADT-Hotel m\u00f6chten wir Individualit\u00e4t vermitteln: Wir sehen das neue Konzept als zeitgem\u00e4ssen Schritt weg vom gesichtslosen Hotelstandard hin zum unverwechselbaren einladenden Wohn- und Lebensstil.Erreicht wurde dies durch die Einbeziehung bildender K\u00fcnstler in die jeweilige Gestaltung unserer 28 Zimmer und des gro\u00dfz\u00fcgigen Fr\u00fchst\u00fccksraumes.Frei gemalte Farbgebung der W\u00e4nde mit Naturfarben, Dekorationen aus Naturtextilien, formsch\u00f6ne M\u00f6blierung in Verbindung mit ausgestellten Kunstobjekten f\u00fcgen sich zu einem Wohnklang, welcher den G\u00e4sten die Zeit des Ausruhens in unserem Hause zur besonderen Erholung werden l\u00e4sst.<\/p>\n<blockquote class=\"right\"><p>Gute Kommunikation erm\u00f6glicht es uns als Team auf die individuellen W\u00fcnsche unserer G\u00e4ste einzugehen.<\/p>\n<p style=\"line-height: 4em; font-size: 1em;\">Hotelinhaberin Nora-Lia Walliser<\/p>\n<\/blockquote>\n<h2><img loading=\"lazy\" decoding=\"async\" class=\"frame alignleft\" alt=\"nora\" src=\"https:\/\/www.stadthotel-loerrach.dewp-content\/uploads\/2013\/02\/nora.jpg\" width=\"206\" height=\"135\" \/><\/h2>\n<p>&nbsp;<\/p>\n<p>&nbsp;<\/p>\n<p>&nbsp;<\/p>\n<p>&nbsp;<\/p>\n<p>&nbsp;<\/p>\n<p>Im Herzen des Dreil\u00e4nderecks liegt die Stadt L\u00f6rrach. Nullam tristique accumsan sapien, quis hendrerit quam convallis et. Quisque eget arcu ante, non interdum lorem. Proin scelerisque risus vitae sapien ornare consectetur. Fusce id lectus ut ante lacinia tincidunt ut eu ipsum. Suspendisse a nunc magna, sit amet tempus sem. Pellentesque sit amet lectus mi, et imperdiet ante. Sed vitae hendrerit mauris. Proin vel tellus nec arcu congue vehicula nec sed nulla.Gepr\u00e4gt durch die verschiedene Einfl\u00fcsse Kulturen macht die Region einzigartig.<\/p>\n<p>Suspendisse scelerisque lectus tortor. Aenean nunc nunc, facilisis ac egestas sed, posuere eu turpis. Pellentesque id felis nibh. Quisque commodo dolor quis erat venenatis pellentesque. Mauris accumsan tortor et justo sodales auctor.<\/p>\n<p>Suspendisse a nunc magna, sit amet tempus sem. Pellentesque sit amet lectus mi, et imperdiet ante. Sed vitae hendrerit mauris. Proin vel tellus nec arcu congue vehicula nec sed nulla. Aenean ut elit metus, vitae fermentum neque.\u00a0Suspendisse a nunc magna, sit amet tempus sem. Pellentesque sit amet lectus mi, et imperdiet ante. Sed vitae hendrerit mauris. Proin vel tellus nec arcu congue vehicula nec sed nulla. Aenean ut elit metus, vitae fermentum neque.<\/p>\n<p>&nbsp;<\/p>\n<h2>Zusammenarbeit<\/h2>\n<p>Suspendisse a nunc magna, sit amet tempus sem. Pellentesque sit amet lectus mi, et imperdiet ante. Sed vitae hendrerit mauris. Proin vel tellus nec arcu congue vehicula nec sed nulla. Aenean ut elit metus, vitae fermentum neque.<\/p>\n<table border=\"3\" frame=\"void\">\n<tbody>\n<tr>\n<td><a href=\"http:\/\/www.brotundpfeffer.de\" target=\"_blank\"><img loading=\"lazy\" decoding=\"async\" class=\"aligncenter size-thumbnail wp-image-734\" alt=\"Logo Brot und Pfeffer\" src=\"\/wp-content\/uploads\/2013\/06\/brotundpfeffer.png\" width=\"150\" height=\"150\" \/><\/a><\/td>\n<td><a href=\"http:\/\/www.wein-confiserie-kremer.de\" target=\"_blank\"><img loading=\"lazy\" decoding=\"async\" class=\"aligncenter size-thumbnail wp-image-747\" alt=\"Logo Kremer\" src=\"\/wp-content\/uploads\/2013\/07\/Partner_Kremer.png\" width=\"150\" height=\"150\" \/><\/a><\/td>\n<td><a href=\"http:\/\/www.amicaldo.de\" target=\"_blank\"><img loading=\"lazy\" decoding=\"async\" class=\"aligncenter size-thumbnail wp-image-748\" alt=\"Logo amicaldo GmbH\" src=\"\/wp-content\/uploads\/2013\/06\/amicaldo_logo.png\" width=\"150\" height=\"150\" \/><\/a><\/td>\n<\/tr>\n<\/tbody>\n<\/table>\n<p>Suspendisse a nunc magna, sit amet tempus sem. Pellentesque sit amet lectus mi, et imperdiet ante. Sed vitae hendrerit mauris. Proin vel tellus nec arcu congue vehicula nec sed nulla. Aenean ut elit metus, vitae fermentum neque.<\/p>\n","protected":false},"excerpt":{"rendered":"<p>Das Stadt-Hotel L\u00f6rrach Unter dem Namen STADT-Hotel m\u00f6chten wir Individualit\u00e4t vermitteln: Wir sehen das neue Konzept als zeitgem\u00e4ssen Schritt weg vom gesichtslosen Hotelstandard hin zum unverwechselbaren einladenden Wohn- und Lebensstil.Erreicht wurde dies durch die Einbeziehung bildender K\u00fcnstler in die jeweilige Gestaltung unserer 28 Zimmer und des gro\u00dfz\u00fcgigen Fr\u00fchst\u00fccksraumes.Frei gemalte Farbgebung der W\u00e4nde mit Naturfarben, Dekorationen [&hellip;]<\/p>\n","protected":false},"author":4,"featured_media":0,"parent":0,"menu_order":0,"comment_status":"closed","ping_status":"open","template":"","meta":{"footnotes":""},"class_list":["post-1230","page","type-page","status-publish","hentry"],"aioseo_notices":[],"_links":{"self":[{"href":"https:\/\/www.stadthotel-loerrach.de\/it\/wp-json\/wp\/v2\/pages\/1230","targetHints":{"allow":["GET"]}}],"collection":[{"href":"https:\/\/www.stadthotel-loerrach.de\/it\/wp-json\/wp\/v2\/pages"}],"about":[{"href":"https:\/\/www.stadthotel-loerrach.de\/it\/wp-json\/wp\/v2\/types\/page"}],"author":[{"embeddable":true,"href":"https:\/\/www.stadthotel-loerrach.de\/it\/wp-json\/wp\/v2\/users\/4"}],"replies":[{"embeddable":true,"href":"https:\/\/www.stadthotel-loerrach.de\/it\/wp-json\/wp\/v2\/comments?post=1230"}],"version-history":[{"count":1,"href":"https:\/\/www.stadthotel-loerrach.de\/it\/wp-json\/wp\/v2\/pages\/1230\/revisions"}],"predecessor-version":[{"id":1231,"href":"https:\/\/www.stadthotel-loerrach.de\/it\/wp-json\/wp\/v2\/pages\/1230\/revisions\/1231"}],"wp:attachment":[{"href":"https:\/\/www.stadthotel-loerrach.de\/it\/wp-json\/wp\/v2\/media?parent=1230"}],"curies":[{"name":"wp","href":"https:\/\/api.w.org\/{rel}","templated":true}]}}