{"id":1228,"date":"2013-11-22T10:44:47","date_gmt":"2013-11-22T10:44:47","guid":{"rendered":"https:\/\/www.stadthotel-loerrach.de\/?page_id=1228"},"modified":"2017-04-26T12:56:18","modified_gmt":"2017-04-26T12:56:18","slug":"arrangements","status":"publish","type":"page","link":"https:\/\/www.stadthotel-loerrach.de\/fr\/arrangements\/","title":{"rendered":"Arrangements"},"content":{"rendered":"<h2><img loading=\"lazy\" decoding=\"async\" class=\"size-thumbnail wp-image-803 alignleft, frame alignleft\" src=\"https:\/\/www.stadthotel-loerrach.de\/wp-content\/uploads\/2013\/06\/honeymoon-150x150.jpg\" alt=\"honeymoon\" width=\"150\" height=\"150\" srcset=\"https:\/\/www.stadthotel-loerrach.de\/wp-content\/uploads\/2013\/06\/honeymoon-150x150.jpg 150w, https:\/\/www.stadthotel-loerrach.de\/wp-content\/uploads\/2013\/06\/honeymoon-168x168.jpg 168w, https:\/\/www.stadthotel-loerrach.de\/wp-content\/uploads\/2013\/06\/honeymoon-61x61.jpg 61w\" sizes=\"auto, (max-width: 150px) 100vw, 150px\" \/>Romantique<\/h2>\n<p>Pour les amoureux qui cherchent intimit\u00e9 et tranquillit\u00e9, nous offrons une option sp\u00e9ciale lune de miel dans nos r\u00e9servations. Les couples peuvent savourer leurs instants en t\u00eate \u00e0 t\u00eate avec du champagne, des fruits de la saison et une chambre sp\u00e9cialement d\u00e9cor\u00e9e pour l&#8217;occasion.<\/p>\n<p>Cette offre est valable de vendredi \u00e0 dimanche*:<br \/>\n<strong>Une nuit pour deux personnes en chambre double \u00e0 110 \u20ac<\/strong><br \/>\n(Bouteille de champagne, fruits et d\u00e9coration florale inclus)<\/p>\n<p><a href=\"#\" class=\"button d21-trigger-ibe\" data-d21=\"{'package_id':79651}\">Reserver<\/a><\/p>\n<p>&nbsp;<\/p>\n<p>&nbsp;<\/p>\n<h2><img loading=\"lazy\" decoding=\"async\" class=\"alignleft size-thumbnail wp-image-819, frame alignleft\" src=\"https:\/\/www.stadthotel-loerrach.de\/wp-content\/uploads\/2013\/06\/DSC_0635-150x150.jpg\" alt=\"DSC_0635\" width=\"150\" height=\"150\" srcset=\"https:\/\/www.stadthotel-loerrach.de\/wp-content\/uploads\/2013\/06\/DSC_0635-150x150.jpg 150w, https:\/\/www.stadthotel-loerrach.de\/wp-content\/uploads\/2013\/06\/DSC_0635-168x168.jpg 168w, https:\/\/www.stadthotel-loerrach.de\/wp-content\/uploads\/2013\/06\/DSC_0635-61x61.jpg 61w\" sizes=\"auto, (max-width: 150px) 100vw, 150px\" \/>Culture<\/h2>\n<p>Vous voulez visiter un mus\u00e9e pr\u00e8s de B\u00e2les ? Pour nos clients qui aiment la culture, nous offrons un \u00ab pack culturel \u00bb. Indiquez-nous simplement le mus\u00e9e que vous voudriez visiter et nous nous occupons du reste.<\/p>\n<p>Cette offre est valable le samedi et dimanche*:<br \/>\n<strong>Une nuit pour une personne en chambre simple \u00e0 105 \u20ac<\/strong><br \/>\n<strong>Une nuit pour deux personnes en chambre double \u00e0 150 \u20ac<\/strong><br \/>\n(billets d&#8217;entr\u00e9e inclus)<\/p>\n<p><a href=\"#\" class=\"button d21-trigger-ibe\" data-d21=\"{'package_id':79652}\">Reserver<\/a><\/p>\n<p>&nbsp;<\/p>\n<h2><img loading=\"lazy\" decoding=\"async\" class=\"alignleft size-thumbnail wp-image-819, frame alignleft\" src=\"https:\/\/www.stadthotel-loerrach.de\/wp-content\/uploads\/2013\/06\/weinprobe.jpg\" alt=\"weinprobe\" width=\"150\" height=\"150\" \/>D\u00e9gustation de vins<\/h2>\n<p>Vous \u00eates \u0153nologue en herbe ou voulez simplement conna\u00eetre les vins de la r\u00e9gion ? Profitez donc de notre offre et participez \u00e0 une d\u00e9gustation de vins. La boutique de vins Kremer situ\u00e9e dans l&#8217;immeuble offre la possibilit\u00e9 de d\u00e9guster les vins de la r\u00e9gion. Nous organisons des d\u00e9gustations priv\u00e9es \u00e0 partir de deux personnes.<\/p>\n<p>Cette offre est valable de lundi \u00e0 vendredi* :<br \/>\n<strong>D\u00e8s deux personnes, une nuit en chambre double \u00e0 125 \u20ac<\/strong><br \/>\n(Assortiment de p\u00e2t\u00e9s et six vins inclus)<\/p>\n<p><a href=\"#\" class=\"button d21-trigger-ibe\" data-d21=\"{'package_id':79653}\">Reserver<\/a><\/p>\n<p style=\"text-align: right;\">*(nach Verf\u00fcgbarkeit, Messezeiten ausgenommen)<\/p>\n","protected":false},"excerpt":{"rendered":"<p>Romantique Pour les amoureux qui cherchent intimit\u00e9 et tranquillit\u00e9, nous offrons une option sp\u00e9ciale lune de miel dans nos r\u00e9servations. Les couples peuvent savourer leurs instants en t\u00eate \u00e0 t\u00eate avec du champagne, des fruits de la saison et une chambre sp\u00e9cialement d\u00e9cor\u00e9e pour l&#8217;occasion. Cette offre est valable de vendredi \u00e0 dimanche*: Une nuit [&hellip;]<\/p>\n","protected":false},"author":4,"featured_media":0,"parent":0,"menu_order":0,"comment_status":"closed","ping_status":"open","template":"","meta":{"footnotes":""},"class_list":["post-1228","page","type-page","status-publish","hentry"],"aioseo_notices":[],"_links":{"self":[{"href":"https:\/\/www.stadthotel-loerrach.de\/fr\/wp-json\/wp\/v2\/pages\/1228","targetHints":{"allow":["GET"]}}],"collection":[{"href":"https:\/\/www.stadthotel-loerrach.de\/fr\/wp-json\/wp\/v2\/pages"}],"about":[{"href":"https:\/\/www.stadthotel-loerrach.de\/fr\/wp-json\/wp\/v2\/types\/page"}],"author":[{"embeddable":true,"href":"https:\/\/www.stadthotel-loerrach.de\/fr\/wp-json\/wp\/v2\/users\/4"}],"replies":[{"embeddable":true,"href":"https:\/\/www.stadthotel-loerrach.de\/fr\/wp-json\/wp\/v2\/comments?post=1228"}],"version-history":[{"count":4,"href":"https:\/\/www.stadthotel-loerrach.de\/fr\/wp-json\/wp\/v2\/pages\/1228\/revisions"}],"predecessor-version":[{"id":1557,"href":"https:\/\/www.stadthotel-loerrach.de\/fr\/wp-json\/wp\/v2\/pages\/1228\/revisions\/1557"}],"wp:attachment":[{"href":"https:\/\/www.stadthotel-loerrach.de\/fr\/wp-json\/wp\/v2\/media?parent=1228"}],"curies":[{"name":"wp","href":"https:\/\/api.w.org\/{rel}","templated":true}]}}