{"id":1186,"date":"2013-11-20T14:32:38","date_gmt":"2013-11-20T14:32:38","guid":{"rendered":"https:\/\/www.stadthotel-loerrach.de\/?page_id=1186"},"modified":"2013-11-20T14:32:38","modified_gmt":"2013-11-20T14:32:38","slug":"decouvrez-nouz","status":"publish","type":"page","link":"https:\/\/www.stadthotel-loerrach.de\/fr\/decouvrez-nouz\/","title":{"rendered":"D\u00e9couvrez-nouz"},"content":{"rendered":"<p>Le STADT-Hotel de L\u00f6rrach est un \u00e9tablissement g\u00e9r\u00e9 de mani\u00e8re personnelle \u00e0 l&#8217;ambiance artistique et jouissant de tout le confort que vous puissiez esp\u00e9rer dans vos voyages.<br \/>\nSitu\u00e9s au centre de L\u00f6rrach, nous sommes un lieu de d\u00e9part id\u00e9al pour les voyages d&#8217;affaires ou personnels dans la r\u00e9gion transfrontali\u00e8re entre l&#8217;Allemagne, la Suisse et la France. Peu importe si vous voulez voir B\u00e2le, la for\u00eat noire, l&#8217;Alsace ou les Alpes, assister \u00e0 des salons, des r\u00e9unions, des congr\u00e8s ou des festivals : vous y arriverez facilement et rapidement en partant de chez nous.<\/p>\n","protected":false},"excerpt":{"rendered":"<p>Le STADT-Hotel de L\u00f6rrach est un \u00e9tablissement g\u00e9r\u00e9 de mani\u00e8re personnelle \u00e0 l&#8217;ambiance artistique et jouissant de tout le confort que vous puissiez esp\u00e9rer dans vos voyages. Situ\u00e9s au centre de L\u00f6rrach, nous sommes un lieu de d\u00e9part id\u00e9al pour les voyages d&#8217;affaires ou personnels dans la r\u00e9gion transfrontali\u00e8re entre l&#8217;Allemagne, la Suisse et la [&hellip;]<\/p>\n","protected":false},"author":4,"featured_media":0,"parent":0,"menu_order":0,"comment_status":"closed","ping_status":"open","template":"","meta":{"footnotes":""},"class_list":["post-1186","page","type-page","status-publish","hentry"],"aioseo_notices":[],"_links":{"self":[{"href":"https:\/\/www.stadthotel-loerrach.de\/fr\/wp-json\/wp\/v2\/pages\/1186","targetHints":{"allow":["GET"]}}],"collection":[{"href":"https:\/\/www.stadthotel-loerrach.de\/fr\/wp-json\/wp\/v2\/pages"}],"about":[{"href":"https:\/\/www.stadthotel-loerrach.de\/fr\/wp-json\/wp\/v2\/types\/page"}],"author":[{"embeddable":true,"href":"https:\/\/www.stadthotel-loerrach.de\/fr\/wp-json\/wp\/v2\/users\/4"}],"replies":[{"embeddable":true,"href":"https:\/\/www.stadthotel-loerrach.de\/fr\/wp-json\/wp\/v2\/comments?post=1186"}],"version-history":[{"count":1,"href":"https:\/\/www.stadthotel-loerrach.de\/fr\/wp-json\/wp\/v2\/pages\/1186\/revisions"}],"predecessor-version":[{"id":1187,"href":"https:\/\/www.stadthotel-loerrach.de\/fr\/wp-json\/wp\/v2\/pages\/1186\/revisions\/1187"}],"wp:attachment":[{"href":"https:\/\/www.stadthotel-loerrach.de\/fr\/wp-json\/wp\/v2\/media?parent=1186"}],"curies":[{"name":"wp","href":"https:\/\/api.w.org\/{rel}","templated":true}]}}